{"id":33940,"date":"2023-11-10T16:02:17","date_gmt":"2023-11-10T16:02:17","guid":{"rendered":"https:\/\/www.foscarini.com\/azienda\/"},"modified":"2024-04-12T05:56:52","modified_gmt":"2024-04-12T05:56:52","slug":"azienda","status":"publish","type":"page","link":"https:\/\/www.foscarini.com\/de\/azienda\/","title":{"rendered":"Azienda"},"content":{"rendered":"<div data-content-type=\"row\" data-appearance=\"contained\" data-element=\"main\"><div data-enable-parallax=\"0\" data-parallax-speed=\"0.5\" data-background-images=\"{}\" data-background-type=\"image\" data-video-loop=\"true\" data-video-play-only-visible=\"true\" data-video-lazy-load=\"true\" data-video-fallback-src=\"\" data-element=\"inner\" data-pb-style=\"OQG3WE3\"><div data-content-type=\"html\" data-appearance=\"default\" data-element=\"main\" data-decoded=\"true\"><div class=\"essere-ct\">\n                    <div class=\"row\">\n                \n                        <div class=\"columns\">\n                            <h3>WER WIR SIND<\/h3>\n                            <h1>Foscarini Sein\n\n<br>\/ Unsere Identit\u00e4t<\/h1>\n                        <\/div>\n                    <\/div>\n                <\/div>\n                \n                <div class=\"full-about-img\"> \n                                       <img decoding=\"async\" src=\"http:\/\/www.foscarini.com\/wp-content\/uploads\/2023\/12\/Modulo1_1_vision-scaled.jpeg\" alt=\"\"><div class=\"container\">\n                    \n                        <div class=\"row full-height-vh\">\n                                <p class=\"rotate\">VISION \/ WARUM<\/p>\n                            <div class=\"medium-6 small-12 columns align-self-bottom\">\n                         <\/div>\n                         <div class=\"medium-6 small-12 columns align-self-center\">\n                             <h4>Affinit\u00e4ten.<br>beleuchten<\/h4>\n                             <p>Wir m\u00f6chten Designleuchten erschaffen, die Verbindungen und Affinit\u00e4ten inspirieren k\u00f6nnen. Beleuchtungsobjekte, die Sie ausw\u00e4hlen, um Ihren Raum zu pr\u00e4gen, weil Sie etwas von Ihnen verraten.<\/p>\n                            <\/div>\n                        <\/div>\n                    <\/div>\n                <\/div>\n                    <div class=\"full-about-img full-about-img__two\" style=\"background-image: url()\"> \n                       <img decoding=\"async\" src=\"http:\/\/www.foscarini.com\/wp-content\/uploads\/2023\/12\/Modulo2_1_mission_1-scaled.jpeg\" alt=\"\"><div class=\"container\">\n                            <div class=\"row\">\n                    \n                           \n                          \n                        <\/div>\n                            <div class=\"row full-height-vh\">\n                                    <p class=\"rotate\">MISSION \/ WAS<\/p>\n                                    <div class=\"medium-7 small-12 columns align-self-center\">\n                                            <h4>Wir loten die Grenzen von Materialien und Ideen aus, um auf diese Weise unseren Beitrag zur Designgeschichte zu leisten.<\/h4>\n                        \n                                         <\/div>\n                                <div class=\"medium-5 small-5 columns align-self-bottom\">\n                             <\/div>\n                          \n                            <\/div>\n                        <\/div>\n                    <\/div>\n                \n                <div class=\"ct-values\">\n                \n                    <p class=\"rotate\">WERTE \/ WIE<\/p>\n                \n                    <div class=\"ct-values--menu ct-values--menu__trigger\">\n                        <div class=\"row\">\n                            <ul><li>\n                                    <p role=\"button\" class=\"active\" data-trigger-values=\"liberta\">Freiheit<\/p>\n                                <\/li>\n                                <li>\n                                    <p role=\"button\" data-trigger-values=\"relazione\">Beziehungen<\/p>\n                                <\/li>\n                                <li>\n                                    <p role=\"button\" data-trigger-values=\"semplicita\">Einfachheit<\/p>\n                                <\/li>\n                                <li>\n                                    <p role=\"button\" data-trigger-values=\"avanguardia\">Avantgarde<\/p>\n                                <\/li>\n                                <li>\n                                    <p role=\"button\" data-trigger-values=\"italianita\">Italianit\u00e4t<\/p>\n                                <\/li>\n                            <\/ul><\/div>\n                    <\/div>\n                    <div class=\"values--block row\">\n                \n                        <div class=\"values-text\">\n                            <div data-values-block=\"liberta\" class=\"values-text--block active\">\n                                <h5>Freiheit<\/h5>\n                                <p>Wir geben Ideen Raum, sind unabh\u00e4ngig im Geist und offen in der Umsetzung. Wir erkunden alle Dimensionen und ergreifen Gelegenheiten beim Schopf.<\/p>\n                                <a href=\"https:\/\/www.foscarini.com\/de\/vite\/\">Vite: ein anderer Gesichtspunkt<\/a>\n                            <\/div>\n                \n                            <div data-values-block=\"relazione\" class=\"values-text--block\" style=\"display:none;\">\n                                <h5>Beziehungen<\/h5>\n                                <p>Wir stellen Verbindungen zwischen Gedanken her, b\u00fcndeln Wissen und tauschen Erfahrungen aus, um echte Originalit\u00e4t zu erreichen.<\/p>\n                                <a href=\"https:\/\/www.foscarini.com\/de\/inventario\/\">Entdecken Sie Bookzine Inventario<\/a>\n                            <\/div>\n                \n                            <div data-values-block=\"semplicita\" class=\"values-text--block\" style=\"display:none;\">\n                                <h5>Einfachheit<\/h5>\n                                <p>Wir legen die Essenz, den Sinn des Produkts frei. Ein Zugang, der verf\u00fchrt und direkt das Herz anspricht.<\/p>\n                                <a href=\"https:\/\/www.foscarini.com\/product-category\/concetto\/twiggy-concetto\/\">Twiggy: einfach und genial<\/a>\n                            <\/div>\n                \n                            <div data-values-block=\"avanguardia\" class=\"values-text--block\" style=\"display:none;\">\n                                <h5>Avantgarde<\/h5>\n                                <p>Wir sch\u00e4tzen die Vergangenheit und beziehen Stellung, um mit Mut noch nie Dagewesenes zu schaffen.<\/p>\n                                <a href=\"https:\/\/www.foscarini.com\/product-category\/concetto\/mite-concetto\/\">Mite: Handwerk und Forschung<\/a>\n                            <\/div>\n                            <div data-values-block=\"italianita\" class=\"values-text--block\" style=\"display:none;\">\n                                <h5>Italianit\u00e4t<\/h5>\n                                <p>Als K\u00fcnstler und Handwerker sind wir auf der Suche nach Harmonie \u2013 mit jener Leidenschaft und Kreativit\u00e4t, die das Meisterhandwerk seit jeher auszeichnen.<\/p>\n                                <a href=\"https:\/\/www.foscarini.com\/de\/maestrie\/\">Entdecken Sie das Projekt Maestrie<\/a>\n                            <\/div>\n                \n                        <\/div>\n                        <div class=\"values--block--trigger ct-values--menu__trigger\">\n                            <p role=\"button\" class=\"active\" data-trigger-values=\"liberta\">\n                                <svg xmlns=\"http:\/\/www.w3.org\/2000\/svg\" width=\"324.73\" height=\"174.645\" viewBox=\"0 0 324.73 174.645\"><path id=\"Path_12789\" data-name=\"Path 12789\" d=\"M252.055-100.967c-35.02,0-60.944,21.831-82.32,53.667-21.376-31.836-47.3-53.667-82.32-53.667C38.3-100.967,7.37-66.4,7.37-13.644S38.3,73.678,87.416,73.678c35.02,0,60.944-21.376,82.32-53.212,21.376,31.836,47.3,53.212,82.32,53.212,49.119,0,80.046-34.565,80.046-87.323S301.174-100.967,252.055-100.967ZM87.416,42.3C64.221,42.3,43.3,22.285,43.3-13.644S64.221-69.585,87.416-69.585,132.9-48.664,152.908-13.644C133.806,20.011,112.885,42.3,87.416,42.3Zm164.64,0c-25.469,0-46.39-22.285-65.492-55.941,20.011-35.02,42.3-55.941,65.492-55.941s44.116,20.011,44.116,55.941S275.25,42.3,252.055,42.3Z\" transform=\"translate(-7.37 100.967)\" fill=\"#e1171b\"><\/path><\/svg><\/p>\n                            <p role=\"button\" data-trigger-values=\"relazione\" class=\"relazione_svg\">\n                                <svg xmlns=\"http:\/\/www.w3.org\/2000\/svg\" width=\"228.726\" height=\"270.975\" viewBox=\"0 0 228.726 270.975\"><path id=\"Path_12792\" data-name=\"Path 12792\" d=\"M234.253,131.016,183.992,74.927c10.2-21.489,14.933-45.891,15.661-69.2h-29.5c0,14.933-2.185,30.958-7.284,45.527l-53.9-60.1c32.779-18.939,53.175-42.613,53.175-69.2,0-36.421-30.23-56.089-63.373-56.089-40.428,0-63.737,26.223-63.737,57.181,0,20.76,9.47,38.242,30.958,63.009C27.38,7.548,5.527,27.944,5.527,64.729c0,38.971,29.137,72.114,78.306,72.114,38.242,0,65.194-14.569,83.769-36.421l27.316,30.594ZM98.4-107.908c17.846,0,33.143,12.383,33.143,30.958,0,20.032-13.84,34.236-39.7,48.8C74-48.177,65.623-64.2,65.623-76.95,65.623-96.617,80.191-107.908,98.4-107.908ZM85.654,109.163c-31.322,0-49.169-22.581-49.169-45.891,0-28.409,18.211-42.613,46.619-57.91L148.3,78.569C134.823,96.78,114.063,109.163,85.654,109.163Z\" transform=\"translate(-5.527 134.131)\" fill=\"#e1171b\"><\/path><\/svg><\/p>\n                            <p role=\"button\" data-trigger-values=\"semplicita\" class=\"simply_svg\">\n                                <svg xmlns=\"http:\/\/www.w3.org\/2000\/svg\" width=\"328.999\" height=\"318.675\" viewBox=\"0 0 328.999 318.675\"><path id=\"Path_12791\" data-name=\"Path 12791\" d=\"M164.5,167.777C257.074,167.777,329,97.228,329,8.44S257.074-150.9,164.5-150.9,0-80.349,0,8.44,71.926,167.777,164.5,167.777Zm0-25.466C87.412,142.311,27.531,83.463,27.531,8.44S87.412-125.431,164.5-125.431,301.468-66.583,301.468,8.44,241.587,142.311,164.5,142.311Z\" transform=\"translate(0 150.898)\" fill=\"#e1171b\"><\/path><\/svg><\/p>\n                            <p role=\"button\" data-trigger-values=\"avanguardia\" class=\"avanguardia_svg\">\n                                <svg xmlns=\"http:\/\/www.w3.org\/2000\/svg\" width=\"231.715\" height=\"225.977\" viewBox=\"0 0 231.715 225.977\"><path id=\"Path_12793\" data-name=\"Path 12793\" d=\"M54.384-121.971,28.558-94.71H136.166c25.108,0,50.217,0,75.325-.359L28.558,81.766,49,104.005,231.22-72.83c-.359,25.109-.359,49.858-.359,74.967V103.288l29.413-27.261v-198Z\" transform=\"translate(-28.559 121.971)\" fill=\"#e1001a\"><\/path><\/svg><\/p>\n                            <p role=\"button\" data-trigger-values=\"italianita\" class=\"italianita_svg\">\n                                <svg id=\"Group_14961\" data-name=\"Group 14961\" xmlns=\"http:\/\/www.w3.org\/2000\/svg\" width=\"313.029\" height=\"238.783\" viewBox=\"0 0 313.029 238.783\"><path id=\"Ellipse_472\" data-name=\"Ellipse 472\" d=\"M150.515-6c86.3,0,156.515,53.559,156.515,119.391S236.817,232.783,150.515,232.783-6,179.224-6,113.391,64.212-6,150.515-6Zm0,215.157c73.276,0,132.89-42.961,132.89-95.766S223.79,17.625,150.515,17.625,17.625,60.586,17.625,113.391,77.239,209.157,150.515,209.157Z\" transform=\"translate(6 6)\" fill=\"#e1171b\"><\/path><path id=\"Path_12790\" data-name=\"Path 12790\" d=\"M575.259,1004.765V895.783h7.956V883.96H541.87v11.822h7.956v108.982H541.87v11.82h41.344v-11.82Z\" transform=\"translate(-406.028 -830.882)\" fill=\"#e1171b\"><\/path><\/svg><\/p>\n                        <\/div>\n                \n                        <!-- Swiper -->\n                        <div class=\"swiper-container swiper__valori show-mobile swiper-container-initialized swiper-container-horizontal swiper-container-pointer-events swiper-initialized swiper-horizontal\">\n                            <div class=\"swiper-wrapper\" id=\"swiper-wrapper-0dc4b1071b5d38ca8\" aria-live=\"polite\" style=\"transition-duration: 0ms; transition-delay: 0ms;\">\n                                <div class=\"swiper-slide\">\n                                    <p role=\"button\" class=\"active\" data-trigger-values=\"liberta\">\n                                        <svg xmlns=\"http:\/\/www.w3.org\/2000\/svg\" width=\"324.73\" height=\"174.645\" viewBox=\"0 0 324.73 174.645\"><path id=\"Path_12789\" data-name=\"Path 12789\" d=\"M252.055-100.967c-35.02,0-60.944,21.831-82.32,53.667-21.376-31.836-47.3-53.667-82.32-53.667C38.3-100.967,7.37-66.4,7.37-13.644S38.3,73.678,87.416,73.678c35.02,0,60.944-21.376,82.32-53.212,21.376,31.836,47.3,53.212,82.32,53.212,49.119,0,80.046-34.565,80.046-87.323S301.174-100.967,252.055-100.967ZM87.416,42.3C64.221,42.3,43.3,22.285,43.3-13.644S64.221-69.585,87.416-69.585,132.9-48.664,152.908-13.644C133.806,20.011,112.885,42.3,87.416,42.3Zm164.64,0c-25.469,0-46.39-22.285-65.492-55.941,20.011-35.02,42.3-55.941,65.492-55.941s44.116,20.011,44.116,55.941S275.25,42.3,252.055,42.3Z\" transform=\"translate(-7.37 100.967)\" fill=\"#e1171b\"><\/path><\/svg><\/p>\n                                <\/div>\n                                <div class=\"swiper-slide\">\n                                    <p role=\"button\" data-trigger-values=\"relazione\" class=\"relazione_svg\">\n                                        <svg xmlns=\"http:\/\/www.w3.org\/2000\/svg\" width=\"228.726\" height=\"270.975\" viewBox=\"0 0 228.726 270.975\"><path id=\"Path_12792\" data-name=\"Path 12792\" d=\"M234.253,131.016,183.992,74.927c10.2-21.489,14.933-45.891,15.661-69.2h-29.5c0,14.933-2.185,30.958-7.284,45.527l-53.9-60.1c32.779-18.939,53.175-42.613,53.175-69.2,0-36.421-30.23-56.089-63.373-56.089-40.428,0-63.737,26.223-63.737,57.181,0,20.76,9.47,38.242,30.958,63.009C27.38,7.548,5.527,27.944,5.527,64.729c0,38.971,29.137,72.114,78.306,72.114,38.242,0,65.194-14.569,83.769-36.421l27.316,30.594ZM98.4-107.908c17.846,0,33.143,12.383,33.143,30.958,0,20.032-13.84,34.236-39.7,48.8C74-48.177,65.623-64.2,65.623-76.95,65.623-96.617,80.191-107.908,98.4-107.908ZM85.654,109.163c-31.322,0-49.169-22.581-49.169-45.891,0-28.409,18.211-42.613,46.619-57.91L148.3,78.569C134.823,96.78,114.063,109.163,85.654,109.163Z\" transform=\"translate(-5.527 134.131)\" fill=\"#e1171b\"><\/path><\/svg><\/p>\n                                <\/div>\n                                <div class=\"swiper-slide\">\n                                    <p role=\"button\" data-trigger-values=\"semplicita\" class=\"simply_svg\">\n                                        <svg xmlns=\"http:\/\/www.w3.org\/2000\/svg\" width=\"328.999\" height=\"318.675\" viewBox=\"0 0 328.999 318.675\"><path id=\"Path_12791\" data-name=\"Path 12791\" d=\"M164.5,167.777C257.074,167.777,329,97.228,329,8.44S257.074-150.9,164.5-150.9,0-80.349,0,8.44,71.926,167.777,164.5,167.777Zm0-25.466C87.412,142.311,27.531,83.463,27.531,8.44S87.412-125.431,164.5-125.431,301.468-66.583,301.468,8.44,241.587,142.311,164.5,142.311Z\" transform=\"translate(0 150.898)\" fill=\"#e1171b\"><\/path><\/svg><\/p>\n                                <\/div>\n                                <div class=\"swiper-slide\">\n                                    <p role=\"button\" data-trigger-values=\"avanguardia\" class=\"avanguardia_svg\">\n                                        <svg xmlns=\"http:\/\/www.w3.org\/2000\/svg\" width=\"231.715\" height=\"225.977\" viewBox=\"0 0 231.715 225.977\"><path id=\"Path_12793\" data-name=\"Path 12793\" d=\"M54.384-121.971,28.558-94.71H136.166c25.108,0,50.217,0,75.325-.359L28.558,81.766,49,104.005,231.22-72.83c-.359,25.109-.359,49.858-.359,74.967V103.288l29.413-27.261v-198Z\" transform=\"translate(-28.559 121.971)\" fill=\"#e1001a\"><\/path><\/svg><\/p>\n                                <\/div>\n                                <div class=\"swiper-slide\">\n                                    <p role=\"button\" data-trigger-values=\"italianita\" class=\"italianita_svg\">\n                                        <svg id=\"Group_14961\" data-name=\"Group 14961\" xmlns=\"http:\/\/www.w3.org\/2000\/svg\" width=\"313.029\" height=\"238.783\" viewBox=\"0 0 313.029 238.783\"><path id=\"Ellipse_472\" data-name=\"Ellipse 472\" d=\"M150.515-6c86.3,0,156.515,53.559,156.515,119.391S236.817,232.783,150.515,232.783-6,179.224-6,113.391,64.212-6,150.515-6Zm0,215.157c73.276,0,132.89-42.961,132.89-95.766S223.79,17.625,150.515,17.625,17.625,60.586,17.625,113.391,77.239,209.157,150.515,209.157Z\" transform=\"translate(6 6)\" fill=\"#e1171b\"><\/path><path id=\"Path_12790\" data-name=\"Path 12790\" d=\"M575.259,1004.765V895.783h7.956V883.96H541.87v11.822h7.956v108.982H541.87v11.82h41.344v-11.82Z\" transform=\"translate(-406.028 -830.882)\" fill=\"#e1171b\"><\/path><\/svg><\/p>\n                                <\/div>\n                            <\/div>\n                        <span class=\"swiper-notification\" aria-live=\"assertive\" aria-atomic=\"true\"><\/span><span class=\"swiper-notification\" aria-live=\"assertive\" aria-atomic=\"true\"><\/span><\/div>\n                    <\/div>\n                    \n                    <div class=\"swiper-scrollbar swiper-scrollbar-horizontal\"><div class=\"swimaper-scrollbar-drag\"><\/div><div class=\"swiper-scrollbar-drag\"><\/div><\/div>\n                <\/div>\n                \n                \n<\/div><\/div><\/div><section class=\"two_cols__link_and_image full-height-vh \">\n    <div class=\"row row-large \">\n        <div class=\"medium-4 small-12 columns full-height relative col-1\">\n            <div class=\"ct-text\">\n                <span class=\"subtitle js-heading\"><\/span>\n                <div class=\"ct-link\">\n                                        <a class=\"link-arrow title-little js-heading no-link\" href=\"https:\/\/www.foscarini.com\/de\/essere-foscarini\/\"><p>Die wesentlichen Ereignisse: Entdecken Sie Foscarinis Entwicklung Jahr f\u00fcr Jahr<\/p>\n<\/a>\n                    <div class=\"text-1 js-heading\"><\/div>\n                                                <a class=\"link\" href=\"https:\/\/www.foscarini.com\/de\/essere-foscarini\/\" target=\"_self\">Zeitleiste durchsehen<\/a>\n                                            <\/div>\n                            <\/div>\n        <\/div>\n        <div class=\"medium-8 small-12 columns full-height col-2 no-padding-right-mobile\">\n                                                    <a href=\"https:\/\/www.foscarini.com\/de\/essere-foscarini\/\">\n                            <img decoding=\"async\" class=\"full-cover\" src=\"https:\/\/www.foscarini.com\/wp-content\/uploads\/2024\/02\/Modulo4_2_timeline-150x150.jpg\" srcset=\"https:\/\/www.foscarini.com\/wp-content\/uploads\/2024\/02\/Modulo4_2_timeline-300x229.jpg 300w, https:\/\/www.foscarini.com\/wp-content\/uploads\/2024\/02\/Modulo4_2_timeline-800x611.jpg 800w, https:\/\/www.foscarini.com\/wp-content\/uploads\/2024\/02\/Modulo4_2_timeline-1024x782.jpg 1024w, https:\/\/www.foscarini.com\/wp-content\/uploads\/2024\/02\/Modulo4_2_timeline-768x586.jpg 768w, https:\/\/www.foscarini.com\/wp-content\/uploads\/2024\/02\/Modulo4_2_timeline-1536x1173.jpg 1536w, https:\/\/www.foscarini.com\/wp-content\/uploads\/2024\/02\/Modulo4_2_timeline.jpg 1776w\" alt=\"\" \/>\n                        <\/a>\n                                            <\/div>\n    <\/div>\n<\/section>","protected":false},"excerpt":{"rendered":"<p>WER WIR SIND Foscarini Sein \/ Unsere Identit\u00e4t VISION \/ WARUM Affinit\u00e4ten.beleuchten Wir m\u00f6chten Designleuchten erschaffen, die Verbindungen und Affinit\u00e4ten inspirieren k\u00f6nnen. Beleuchtungsobjekte, die Sie ausw\u00e4hlen, um Ihren Raum zu pr\u00e4gen, weil Sie etwas von Ihnen verraten. MISSION \/ WAS Wir loten die Grenzen von Materialien und Ideen aus, um auf diese Weise unseren Beitrag [&hellip;]<\/p>\n","protected":false},"author":1,"featured_media":5942,"parent":0,"menu_order":0,"comment_status":"closed","ping_status":"closed","template":"","meta":{"_acf_changed":false,"footnotes":""},"class_list":["post-33940","page","type-page","status-publish","has-post-thumbnail","hentry"],"acf":{"preview_slider":{"titolo":"","testo":"","video_domanda":false,"link_video":""}},"yoast_head":"<!-- This site is optimized with the Yoast SEO Premium plugin v22.4 (Yoast SEO v23.7) - https:\/\/yoast.com\/wordpress\/plugins\/seo\/ -->\n<title>Azienda - Foscarini<\/title>\n<meta name=\"robots\" content=\"index, follow, max-snippet:-1, max-image-preview:large, max-video-preview:-1\" \/>\n<meta property=\"og:locale\" content=\"de_DE\" \/>\n<meta property=\"og:type\" content=\"article\" \/>\n<meta property=\"og:title\" content=\"Azienda\" \/>\n<meta property=\"og:description\" content=\"WER WIR SIND Foscarini Sein \/ Unsere Identit\u00e4t VISION \/ WARUM Affinit\u00e4ten.beleuchten Wir m\u00f6chten Designleuchten erschaffen, die Verbindungen und Affinit\u00e4ten inspirieren k\u00f6nnen. Beleuchtungsobjekte, die Sie ausw\u00e4hlen, um Ihren Raum zu pr\u00e4gen, weil Sie etwas von Ihnen verraten. MISSION \/ WAS Wir loten die Grenzen von Materialien und Ideen aus, um auf diese Weise unseren Beitrag [&hellip;]\" \/>\n<meta property=\"og:url\" content=\"https:\/\/www.foscarini.com\/de\/azienda\/\" \/>\n<meta property=\"og:site_name\" content=\"Foscarini\" \/>\n<meta property=\"article:modified_time\" content=\"2024-04-12T05:56:52+00:00\" \/>\n<meta property=\"og:image\" content=\"http:\/\/www.foscarini.com\/wp-content\/uploads\/2023\/12\/Modulo1_1_vision-scaled.jpeg\" \/>\n<meta name=\"twitter:card\" content=\"summary_large_image\" \/>\n<meta name=\"twitter:label1\" content=\"Gesch\u00e4tzte Lesezeit\" \/>\n\t<meta name=\"twitter:data1\" content=\"2\u00a0Minuten\" \/>\n<script type=\"application\/ld+json\" class=\"yoast-schema-graph\">{\"@context\":\"https:\/\/schema.org\",\"@graph\":[{\"@type\":\"WebPage\",\"@id\":\"https:\/\/www.foscarini.com\/de\/azienda\/\",\"url\":\"https:\/\/www.foscarini.com\/de\/azienda\/\",\"name\":\"Azienda - Foscarini\",\"isPartOf\":{\"@id\":\"https:\/\/www.foscarini.com\/#website\"},\"primaryImageOfPage\":{\"@id\":\"https:\/\/www.foscarini.com\/de\/azienda\/#primaryimage\"},\"image\":{\"@id\":\"https:\/\/www.foscarini.com\/de\/azienda\/#primaryimage\"},\"thumbnailUrl\":\"https:\/\/www.foscarini.com\/wp-content\/uploads\/2023\/12\/Modulo1_1_vision-scaled.jpeg\",\"datePublished\":\"2023-11-10T16:02:17+00:00\",\"dateModified\":\"2024-04-12T05:56:52+00:00\",\"breadcrumb\":{\"@id\":\"https:\/\/www.foscarini.com\/de\/azienda\/#breadcrumb\"},\"inLanguage\":\"de\",\"potentialAction\":[{\"@type\":\"ReadAction\",\"target\":[\"https:\/\/www.foscarini.com\/de\/azienda\/\"]}]},{\"@type\":\"ImageObject\",\"inLanguage\":\"de\",\"@id\":\"https:\/\/www.foscarini.com\/de\/azienda\/#primaryimage\",\"url\":\"https:\/\/www.foscarini.com\/wp-content\/uploads\/2023\/12\/Modulo1_1_vision-scaled.jpeg\",\"contentUrl\":\"https:\/\/www.foscarini.com\/wp-content\/uploads\/2023\/12\/Modulo1_1_vision-scaled.jpeg\",\"width\":2560,\"height\":1422},{\"@type\":\"BreadcrumbList\",\"@id\":\"https:\/\/www.foscarini.com\/de\/azienda\/#breadcrumb\",\"itemListElement\":[{\"@type\":\"ListItem\",\"position\":1,\"name\":\"Home\",\"item\":\"https:\/\/www.foscarini.com\/de\/\"},{\"@type\":\"ListItem\",\"position\":2,\"name\":\"Azienda\"}]},{\"@type\":\"WebSite\",\"@id\":\"https:\/\/www.foscarini.com\/#website\",\"url\":\"https:\/\/www.foscarini.com\/\",\"name\":\"Foscarini\",\"description\":\"\",\"potentialAction\":[{\"@type\":\"SearchAction\",\"target\":{\"@type\":\"EntryPoint\",\"urlTemplate\":\"https:\/\/www.foscarini.com\/?s={search_term_string}\"},\"query-input\":{\"@type\":\"PropertyValueSpecification\",\"valueRequired\":true,\"valueName\":\"search_term_string\"}}],\"inLanguage\":\"de\"}]}<\/script>\n<!-- \/ Yoast SEO Premium plugin. -->","yoast_head_json":{"title":"Azienda - Foscarini","robots":{"index":"index","follow":"follow","max-snippet":"max-snippet:-1","max-image-preview":"max-image-preview:large","max-video-preview":"max-video-preview:-1"},"og_locale":"de_DE","og_type":"article","og_title":"Azienda","og_description":"WER WIR SIND Foscarini Sein \/ Unsere Identit\u00e4t VISION \/ WARUM Affinit\u00e4ten.beleuchten Wir m\u00f6chten Designleuchten erschaffen, die Verbindungen und Affinit\u00e4ten inspirieren k\u00f6nnen. Beleuchtungsobjekte, die Sie ausw\u00e4hlen, um Ihren Raum zu pr\u00e4gen, weil Sie etwas von Ihnen verraten. MISSION \/ WAS Wir loten die Grenzen von Materialien und Ideen aus, um auf diese Weise unseren Beitrag [&hellip;]","og_url":"https:\/\/www.foscarini.com\/de\/azienda\/","og_site_name":"Foscarini","article_modified_time":"2024-04-12T05:56:52+00:00","og_image":[{"url":"http:\/\/www.foscarini.com\/wp-content\/uploads\/2023\/12\/Modulo1_1_vision-scaled.jpeg"}],"twitter_card":"summary_large_image","twitter_misc":{"Gesch\u00e4tzte Lesezeit":"2\u00a0Minuten"},"schema":{"@context":"https:\/\/schema.org","@graph":[{"@type":"WebPage","@id":"https:\/\/www.foscarini.com\/de\/azienda\/","url":"https:\/\/www.foscarini.com\/de\/azienda\/","name":"Azienda - Foscarini","isPartOf":{"@id":"https:\/\/www.foscarini.com\/#website"},"primaryImageOfPage":{"@id":"https:\/\/www.foscarini.com\/de\/azienda\/#primaryimage"},"image":{"@id":"https:\/\/www.foscarini.com\/de\/azienda\/#primaryimage"},"thumbnailUrl":"https:\/\/www.foscarini.com\/wp-content\/uploads\/2023\/12\/Modulo1_1_vision-scaled.jpeg","datePublished":"2023-11-10T16:02:17+00:00","dateModified":"2024-04-12T05:56:52+00:00","breadcrumb":{"@id":"https:\/\/www.foscarini.com\/de\/azienda\/#breadcrumb"},"inLanguage":"de","potentialAction":[{"@type":"ReadAction","target":["https:\/\/www.foscarini.com\/de\/azienda\/"]}]},{"@type":"ImageObject","inLanguage":"de","@id":"https:\/\/www.foscarini.com\/de\/azienda\/#primaryimage","url":"https:\/\/www.foscarini.com\/wp-content\/uploads\/2023\/12\/Modulo1_1_vision-scaled.jpeg","contentUrl":"https:\/\/www.foscarini.com\/wp-content\/uploads\/2023\/12\/Modulo1_1_vision-scaled.jpeg","width":2560,"height":1422},{"@type":"BreadcrumbList","@id":"https:\/\/www.foscarini.com\/de\/azienda\/#breadcrumb","itemListElement":[{"@type":"ListItem","position":1,"name":"Home","item":"https:\/\/www.foscarini.com\/de\/"},{"@type":"ListItem","position":2,"name":"Azienda"}]},{"@type":"WebSite","@id":"https:\/\/www.foscarini.com\/#website","url":"https:\/\/www.foscarini.com\/","name":"Foscarini","description":"","potentialAction":[{"@type":"SearchAction","target":{"@type":"EntryPoint","urlTemplate":"https:\/\/www.foscarini.com\/?s={search_term_string}"},"query-input":{"@type":"PropertyValueSpecification","valueRequired":true,"valueName":"search_term_string"}}],"inLanguage":"de"}]}},"_links":{"self":[{"href":"https:\/\/www.foscarini.com\/de\/wp-json\/wp\/v2\/pages\/33940"}],"collection":[{"href":"https:\/\/www.foscarini.com\/de\/wp-json\/wp\/v2\/pages"}],"about":[{"href":"https:\/\/www.foscarini.com\/de\/wp-json\/wp\/v2\/types\/page"}],"author":[{"embeddable":true,"href":"https:\/\/www.foscarini.com\/de\/wp-json\/wp\/v2\/users\/1"}],"replies":[{"embeddable":true,"href":"https:\/\/www.foscarini.com\/de\/wp-json\/wp\/v2\/comments?post=33940"}],"version-history":[{"count":7,"href":"https:\/\/www.foscarini.com\/de\/wp-json\/wp\/v2\/pages\/33940\/revisions"}],"predecessor-version":[{"id":236945,"href":"https:\/\/www.foscarini.com\/de\/wp-json\/wp\/v2\/pages\/33940\/revisions\/236945"}],"wp:featuredmedia":[{"embeddable":true,"href":"https:\/\/www.foscarini.com\/de\/wp-json\/wp\/v2\/media\/5942"}],"wp:attachment":[{"href":"https:\/\/www.foscarini.com\/de\/wp-json\/wp\/v2\/media?parent=33940"}],"curies":[{"name":"wp","href":"https:\/\/api.w.org\/{rel}","templated":true}]}}