{"id":28274,"date":"2024-01-17T11:31:04","date_gmt":"2024-01-17T11:31:04","guid":{"rendered":"https:\/\/www.foscarini.com\/non-si-puo-fare\/"},"modified":"2024-02-23T14:31:23","modified_gmt":"2024-02-23T14:31:23","slug":"das-kann-man-nicht-machen","status":"publish","type":"page","link":"https:\/\/www.foscarini.com\/de\/das-kann-man-nicht-machen\/","title":{"rendered":"Das kann man nicht machen"},"content":{"rendered":"<section class=\"two_cols__link_and_image full-height-vh \">\n    <div class=\"row row-large \">\n        <div class=\"medium-4 small-12 columns full-height relative col-1\">\n            <div class=\"ct-text\">\n                <span class=\"subtitle js-heading\"><\/span>\n                <div class=\"ct-link\">\n                                        <a class=\"link-arrow title-big js-heading no-link\" href=\"\"><h1>Das kann man nicht machen<\/h1>\n<\/a>\n                    <div class=\"text-1 js-heading\"><p>von: Carlo Urbinati<\/p>\n<\/div>\n                                    <\/div>\n                <div class=\"join-line\"><\/div>            <\/div>\n        <\/div>\n        <div class=\"medium-8 small-12 columns full-height col-2 no-padding-right-mobile\">\n                                                    <img decoding=\"async\" class=\"full-cover\" src=\"https:\/\/www.foscarini.com\/wp-content\/uploads\/2024\/01\/Modulo1_Non-si-puo-fare-Urbinati-150x150.jpg\" srcset=\"https:\/\/www.foscarini.com\/wp-content\/uploads\/2024\/01\/Modulo1_Non-si-puo-fare-Urbinati-300x224.jpg 300w, https:\/\/www.foscarini.com\/wp-content\/uploads\/2024\/01\/Modulo1_Non-si-puo-fare-Urbinati-800x597.jpg 800w, https:\/\/www.foscarini.com\/wp-content\/uploads\/2024\/01\/Modulo1_Non-si-puo-fare-Urbinati-1024x765.jpg 1024w, https:\/\/www.foscarini.com\/wp-content\/uploads\/2024\/01\/Modulo1_Non-si-puo-fare-Urbinati-768x573.jpg 768w, https:\/\/www.foscarini.com\/wp-content\/uploads\/2024\/01\/Modulo1_Non-si-puo-fare-Urbinati-1536x1147.jpg 1536w, https:\/\/www.foscarini.com\/wp-content\/uploads\/2024\/01\/Modulo1_Non-si-puo-fare-Urbinati.jpg 1776w\" alt=\"\" \/>\n                                            <\/div>\n    <\/div>\n<\/section><section class=\"world__menu_image world_text\">\n    <div class=\"designer-desc-container\">\n        <span class=\"subtitle js-heading\"><\/span>\n        <div class=\"title-medium js-heading\"><p>Foscarini setzt Designund Lichtideen um, die ohne jede Produktionsbeschr\u00e4nkung aus der Freiheit von Forschung, Ausdruck und Entwicklung entstehen.<\/p>\n<\/div>\n        <div class=\"text-2 js-heading\"><p>Foscarini ist n\u00e4mlich seit seiner Gr\u00fcndung ein Unternehmen ohne Fabrik, also frei, um f\u00fcr die Umsetzung jeder neuen Idee geeignete Materialien und Produktionstechniken zu erforschen und damit Handwerksbetriebe im Gebiet zu betrauen. Manchmal passiert es, dass die Pr\u00e4sentation eines unserer Entw\u00fcrfe ein entschiedenes: \u201eDas kann man nicht machen\u201c erntet: Wir von Foscarni hoffen dann, dass wir auf dem richtigen Weg sind, denn wir haben gelernt, dass dieser Satz oft \u201eDas haben wir noch nie gemacht\u201c bedeutet. Mit dem Vorteil, nicht den Grund daf\u00fcr zu kennen, beginnen wir gemeinsam M\u00f6glichkeiten, Geheimnisse und Gefahren alter oder neuer Technologien zu erforschen. Dieses Buch erz\u00e4hlt anhand des Fotoprojekts von Gianluca Vassallo und der kritischen Beitr\u00e4ge von zwei Experten, Stefano Micelli, \u00d6konom, und Manolo de Giorgi, Designkritiker, wie einige dieser Ideen zu erfolgreichen Produkten wurden. Wir haben sie gebeten, die Begegnung zwischen Foscarini, den Designern und den Handwerksbetrieben, dem wahren Schatz des italienischen \u201eMade in Italy\u201c-Designs, darzustellen. Wir sind stets von den einzigartigen Dingen fasziniert, die man mit den H\u00e4nden kreieren kann, und von der Tatsache, dass man zu oft vergisst, wie anziehend und wichtig sie sind.<\/p>\n<\/div>\n    <\/div>\n<\/section><div class=\"wp-block-group two_cols_image two_cols_image_reverse\"><div class=\"wp-block-group__inner-container is-layout-constrained wp-block-group-is-layout-constrained\"><div class=\"wp-block-columns is-layout-flex wp-container-core-columns-is-layout-1 wp-block-columns-is-layout-flex\"><div class=\"wp-block-column second_column is-layout-flow wp-block-column-is-layout-flow\"><div class=\"wp-block-getwid-image-hotspot\" data-appearance-animation=\"none\" data-image-points=\"[]\" data-trigger=\"click\" data-theme=\"light\" data-tooltip-animation=\"shift-toward\" data-arrow=\"true\"><div class=\"wp-block-getwid-image-hotspot__wrapper\"><img loading=\"lazy\" decoding=\"async\" width=\"864\" height=\"922\" src=\"http:\/\/www.foscarini.com\/wp-content\/uploads\/2024\/01\/Foto_2_Non-si-puo-fare-Urbinati-2.jpg\" alt=\"\" class=\"wp-block-getwid-image-hotspot__image wp-image-12199\" srcset=\"https:\/\/www.foscarini.com\/wp-content\/uploads\/2024\/01\/Foto_2_Non-si-puo-fare-Urbinati-2.jpg 864w, https:\/\/www.foscarini.com\/wp-content\/uploads\/2024\/01\/Foto_2_Non-si-puo-fare-Urbinati-2-800x854.jpg 800w, https:\/\/www.foscarini.com\/wp-content\/uploads\/2024\/01\/Foto_2_Non-si-puo-fare-Urbinati-2-281x300.jpg 281w, https:\/\/www.foscarini.com\/wp-content\/uploads\/2024\/01\/Foto_2_Non-si-puo-fare-Urbinati-2-768x820.jpg 768w\" sizes=\"(max-width: 864px) 100vw, 864px\" \/><\/div><\/div><\/div>\n\n<div class=\"wp-block-column is-layout-flow wp-block-column-is-layout-flow\"><div class=\"wp-block-getwid-image-hotspot\" data-appearance-animation=\"none\" data-image-points=\"[]\" data-trigger=\"click\" data-theme=\"light\" data-tooltip-animation=\"shift-toward\" data-arrow=\"true\"><div class=\"wp-block-getwid-image-hotspot__wrapper\"><img loading=\"lazy\" decoding=\"async\" width=\"1440\" height=\"1600\" src=\"http:\/\/www.foscarini.com\/wp-content\/uploads\/2024\/01\/Foto_3_Non-si-puo-fare-Urbinati.jpg\" alt=\"\" class=\"wp-block-getwid-image-hotspot__image wp-image-12206\" srcset=\"https:\/\/www.foscarini.com\/wp-content\/uploads\/2024\/01\/Foto_3_Non-si-puo-fare-Urbinati.jpg 1440w, https:\/\/www.foscarini.com\/wp-content\/uploads\/2024\/01\/Foto_3_Non-si-puo-fare-Urbinati-800x889.jpg 800w, https:\/\/www.foscarini.com\/wp-content\/uploads\/2024\/01\/Foto_3_Non-si-puo-fare-Urbinati-270x300.jpg 270w, https:\/\/www.foscarini.com\/wp-content\/uploads\/2024\/01\/Foto_3_Non-si-puo-fare-Urbinati-922x1024.jpg 922w, https:\/\/www.foscarini.com\/wp-content\/uploads\/2024\/01\/Foto_3_Non-si-puo-fare-Urbinati-768x853.jpg 768w, https:\/\/www.foscarini.com\/wp-content\/uploads\/2024\/01\/Foto_3_Non-si-puo-fare-Urbinati-1382x1536.jpg 1382w\" sizes=\"(max-width: 1440px) 100vw, 1440px\" \/><\/div><\/div><\/div><\/div><\/div><\/div><section class=\"world__menu_image\">\n\n    <div class=\"designer-desc-container\">\n                            <div class=\"title-medium js-heading\"><p>Vertiefung<\/p>\n<\/div>\n                        <\/div>\n\n    \n    <div class=\"inner--stories menu \">\n                                <a href=\"https:\/\/www.foscarini.com\/de\/non-si-puo-fare\/\" class=\"menu__item\" data-image=\"https:\/\/www.foscarini.com\/wp-content\/uploads\/2024\/01\/Modulo1_Non-si-puo-fare-Urbinati.jpg\">\n                            <span class=\"menu__item-text\"><span class=\"menu__item-textinner\">Das kann man nicht machen<\/span><\/span>\n                            <span class=\"menu__item-sub\">De carlo urbinati<\/span>\n                        <\/a>\n                                                <a href=\"https:\/\/www.foscarini.com\/de\/fare-design\/\" class=\"menu__item\" data-image=\"https:\/\/www.foscarini.com\/wp-content\/uploads\/2024\/01\/Modulo_1_fare-design-micelli.jpg\">\n                            <span class=\"menu__item-text\"><span class=\"menu__item-textinner\">Design heute<\/span><\/span>\n                            <span class=\"menu__item-sub\">De Stefano Micelli<\/span>\n                        <\/a>\n                                                <a href=\"https:\/\/www.foscarini.com\/de\/la-dimensione-nascosta\/\" class=\"menu__item\" data-image=\"https:\/\/www.foscarini.com\/wp-content\/uploads\/2024\/01\/Modulo_1_la-dimensione-nascosta-de-giorgi.jpg\">\n                            <span class=\"menu__item-text\"><span class=\"menu__item-textinner\">Die verborgene Dimension<\/span><\/span>\n                            <span class=\"menu__item-sub\">De Manolo De Giorgi<\/span>\n                        <\/a>\n                                                <a href=\"https:\/\/www.foscarini.com\/de\/mani-nere\/\" class=\"menu__item\" data-image=\"https:\/\/www.foscarini.com\/wp-content\/uploads\/2024\/01\/MODULO1_MANI-NERE-VASSALLO.jpg\">\n                            <span class=\"menu__item-text\"><span class=\"menu__item-textinner\">Schwarze H\u00e4nde<\/span><\/span>\n                            <span class=\"menu__item-sub\">De Gianluca Vassallo<\/span>\n                        <\/a>\n                                                <a href=\"https:\/\/www.foscarini.com\/de\/visioni-istantanee\/\" class=\"menu__item\" data-image=\"https:\/\/www.foscarini.com\/wp-content\/uploads\/2024\/01\/1_2_Mite.jpg\">\n                            <span class=\"menu__item-text\"><span class=\"menu__item-textinner\">Momentaufnahme<\/span><\/span>\n                            <span class=\"menu__item-sub\">De Massimo Gardone<\/span>\n                        <\/a>\n                            <\/div>\n<\/section>","protected":false},"excerpt":{"rendered":"","protected":false},"author":1,"featured_media":12196,"parent":0,"menu_order":0,"comment_status":"closed","ping_status":"closed","template":"","meta":{"_acf_changed":false,"footnotes":""},"class_list":["post-28274","page","type-page","status-publish","has-post-thumbnail","hentry"],"acf":{"preview_slider":{"titolo":"Das kann man nicht machen","testo":"Foscarini setzt Designund Lichtideen um, die ohne jede Produktionsbeschr\u00e4nkung aus der Freiheit von Forschung, Ausdruck und Entwicklung entstehen.","video_domanda":false,"link_video":""}},"yoast_head":"<!-- This site is optimized with the Yoast SEO Premium plugin v22.4 (Yoast SEO v23.7) - https:\/\/yoast.com\/wordpress\/plugins\/seo\/ -->\n<title>Das kann man nicht machen - Foscarini<\/title>\n<meta name=\"robots\" content=\"index, follow, max-snippet:-1, max-image-preview:large, max-video-preview:-1\" \/>\n<meta property=\"og:locale\" content=\"de_DE\" \/>\n<meta property=\"og:type\" content=\"article\" \/>\n<meta property=\"og:title\" content=\"Das kann man nicht machen\" \/>\n<meta property=\"og:url\" content=\"https:\/\/www.foscarini.com\/de\/das-kann-man-nicht-machen\/\" \/>\n<meta property=\"og:site_name\" content=\"Foscarini\" \/>\n<meta property=\"article:modified_time\" content=\"2024-02-23T14:31:23+00:00\" \/>\n<meta property=\"og:image\" content=\"https:\/\/www.foscarini.com\/wp-content\/uploads\/2024\/01\/Modulo1_Non-si-puo-fare-Urbinati.jpg\" \/>\n\t<meta property=\"og:image:width\" content=\"1776\" \/>\n\t<meta property=\"og:image:height\" content=\"1326\" \/>\n\t<meta property=\"og:image:type\" content=\"image\/jpeg\" \/>\n<meta name=\"twitter:card\" content=\"summary_large_image\" \/>\n<meta name=\"twitter:label1\" content=\"Gesch\u00e4tzte Lesezeit\" \/>\n\t<meta name=\"twitter:data1\" content=\"1\u00a0Minute\" \/>\n<script type=\"application\/ld+json\" class=\"yoast-schema-graph\">{\"@context\":\"https:\/\/schema.org\",\"@graph\":[{\"@type\":\"WebPage\",\"@id\":\"https:\/\/www.foscarini.com\/de\/das-kann-man-nicht-machen\/\",\"url\":\"https:\/\/www.foscarini.com\/de\/das-kann-man-nicht-machen\/\",\"name\":\"Das kann man nicht machen - Foscarini\",\"isPartOf\":{\"@id\":\"https:\/\/www.foscarini.com\/#website\"},\"primaryImageOfPage\":{\"@id\":\"https:\/\/www.foscarini.com\/de\/das-kann-man-nicht-machen\/#primaryimage\"},\"image\":{\"@id\":\"https:\/\/www.foscarini.com\/de\/das-kann-man-nicht-machen\/#primaryimage\"},\"thumbnailUrl\":\"https:\/\/www.foscarini.com\/wp-content\/uploads\/2024\/01\/Modulo1_Non-si-puo-fare-Urbinati.jpg\",\"datePublished\":\"2024-01-17T11:31:04+00:00\",\"dateModified\":\"2024-02-23T14:31:23+00:00\",\"breadcrumb\":{\"@id\":\"https:\/\/www.foscarini.com\/de\/das-kann-man-nicht-machen\/#breadcrumb\"},\"inLanguage\":\"de\",\"potentialAction\":[{\"@type\":\"ReadAction\",\"target\":[\"https:\/\/www.foscarini.com\/de\/das-kann-man-nicht-machen\/\"]}]},{\"@type\":\"ImageObject\",\"inLanguage\":\"de\",\"@id\":\"https:\/\/www.foscarini.com\/de\/das-kann-man-nicht-machen\/#primaryimage\",\"url\":\"https:\/\/www.foscarini.com\/wp-content\/uploads\/2024\/01\/Modulo1_Non-si-puo-fare-Urbinati.jpg\",\"contentUrl\":\"https:\/\/www.foscarini.com\/wp-content\/uploads\/2024\/01\/Modulo1_Non-si-puo-fare-Urbinati.jpg\",\"width\":1776,\"height\":1326},{\"@type\":\"BreadcrumbList\",\"@id\":\"https:\/\/www.foscarini.com\/de\/das-kann-man-nicht-machen\/#breadcrumb\",\"itemListElement\":[{\"@type\":\"ListItem\",\"position\":1,\"name\":\"Home\",\"item\":\"https:\/\/www.foscarini.com\/de\/\"},{\"@type\":\"ListItem\",\"position\":2,\"name\":\"Das kann man nicht machen\"}]},{\"@type\":\"WebSite\",\"@id\":\"https:\/\/www.foscarini.com\/#website\",\"url\":\"https:\/\/www.foscarini.com\/\",\"name\":\"Foscarini\",\"description\":\"\",\"potentialAction\":[{\"@type\":\"SearchAction\",\"target\":{\"@type\":\"EntryPoint\",\"urlTemplate\":\"https:\/\/www.foscarini.com\/?s={search_term_string}\"},\"query-input\":{\"@type\":\"PropertyValueSpecification\",\"valueRequired\":true,\"valueName\":\"search_term_string\"}}],\"inLanguage\":\"de\"}]}<\/script>\n<!-- \/ Yoast SEO Premium plugin. -->","yoast_head_json":{"title":"Das kann man nicht machen - Foscarini","robots":{"index":"index","follow":"follow","max-snippet":"max-snippet:-1","max-image-preview":"max-image-preview:large","max-video-preview":"max-video-preview:-1"},"og_locale":"de_DE","og_type":"article","og_title":"Das kann man nicht machen","og_url":"https:\/\/www.foscarini.com\/de\/das-kann-man-nicht-machen\/","og_site_name":"Foscarini","article_modified_time":"2024-02-23T14:31:23+00:00","og_image":[{"width":1776,"height":1326,"url":"https:\/\/www.foscarini.com\/wp-content\/uploads\/2024\/01\/Modulo1_Non-si-puo-fare-Urbinati.jpg","type":"image\/jpeg"}],"twitter_card":"summary_large_image","twitter_misc":{"Gesch\u00e4tzte Lesezeit":"1\u00a0Minute"},"schema":{"@context":"https:\/\/schema.org","@graph":[{"@type":"WebPage","@id":"https:\/\/www.foscarini.com\/de\/das-kann-man-nicht-machen\/","url":"https:\/\/www.foscarini.com\/de\/das-kann-man-nicht-machen\/","name":"Das kann man nicht machen - Foscarini","isPartOf":{"@id":"https:\/\/www.foscarini.com\/#website"},"primaryImageOfPage":{"@id":"https:\/\/www.foscarini.com\/de\/das-kann-man-nicht-machen\/#primaryimage"},"image":{"@id":"https:\/\/www.foscarini.com\/de\/das-kann-man-nicht-machen\/#primaryimage"},"thumbnailUrl":"https:\/\/www.foscarini.com\/wp-content\/uploads\/2024\/01\/Modulo1_Non-si-puo-fare-Urbinati.jpg","datePublished":"2024-01-17T11:31:04+00:00","dateModified":"2024-02-23T14:31:23+00:00","breadcrumb":{"@id":"https:\/\/www.foscarini.com\/de\/das-kann-man-nicht-machen\/#breadcrumb"},"inLanguage":"de","potentialAction":[{"@type":"ReadAction","target":["https:\/\/www.foscarini.com\/de\/das-kann-man-nicht-machen\/"]}]},{"@type":"ImageObject","inLanguage":"de","@id":"https:\/\/www.foscarini.com\/de\/das-kann-man-nicht-machen\/#primaryimage","url":"https:\/\/www.foscarini.com\/wp-content\/uploads\/2024\/01\/Modulo1_Non-si-puo-fare-Urbinati.jpg","contentUrl":"https:\/\/www.foscarini.com\/wp-content\/uploads\/2024\/01\/Modulo1_Non-si-puo-fare-Urbinati.jpg","width":1776,"height":1326},{"@type":"BreadcrumbList","@id":"https:\/\/www.foscarini.com\/de\/das-kann-man-nicht-machen\/#breadcrumb","itemListElement":[{"@type":"ListItem","position":1,"name":"Home","item":"https:\/\/www.foscarini.com\/de\/"},{"@type":"ListItem","position":2,"name":"Das kann man nicht machen"}]},{"@type":"WebSite","@id":"https:\/\/www.foscarini.com\/#website","url":"https:\/\/www.foscarini.com\/","name":"Foscarini","description":"","potentialAction":[{"@type":"SearchAction","target":{"@type":"EntryPoint","urlTemplate":"https:\/\/www.foscarini.com\/?s={search_term_string}"},"query-input":{"@type":"PropertyValueSpecification","valueRequired":true,"valueName":"search_term_string"}}],"inLanguage":"de"}]}},"_links":{"self":[{"href":"https:\/\/www.foscarini.com\/de\/wp-json\/wp\/v2\/pages\/28274"}],"collection":[{"href":"https:\/\/www.foscarini.com\/de\/wp-json\/wp\/v2\/pages"}],"about":[{"href":"https:\/\/www.foscarini.com\/de\/wp-json\/wp\/v2\/types\/page"}],"author":[{"embeddable":true,"href":"https:\/\/www.foscarini.com\/de\/wp-json\/wp\/v2\/users\/1"}],"replies":[{"embeddable":true,"href":"https:\/\/www.foscarini.com\/de\/wp-json\/wp\/v2\/comments?post=28274"}],"version-history":[{"count":4,"href":"https:\/\/www.foscarini.com\/de\/wp-json\/wp\/v2\/pages\/28274\/revisions"}],"predecessor-version":[{"id":29444,"href":"https:\/\/www.foscarini.com\/de\/wp-json\/wp\/v2\/pages\/28274\/revisions\/29444"}],"wp:featuredmedia":[{"embeddable":true,"href":"https:\/\/www.foscarini.com\/de\/wp-json\/wp\/v2\/media\/12196"}],"wp:attachment":[{"href":"https:\/\/www.foscarini.com\/de\/wp-json\/wp\/v2\/media?parent=28274"}],"curies":[{"name":"wp","href":"https:\/\/api.w.org\/{rel}","templated":true}]}}