{"id":28131,"date":"2024-01-17T16:11:52","date_gmt":"2024-01-17T16:11:52","guid":{"rendered":"https:\/\/www.foscarini.com\/mani-nere\/"},"modified":"2024-02-23T14:28:35","modified_gmt":"2024-02-23T14:28:35","slug":"schwarze-haende","status":"publish","type":"page","link":"https:\/\/www.foscarini.com\/de\/schwarze-haende\/","title":{"rendered":"Schwarze H\u00e4nde"},"content":{"rendered":"<section class=\"two_cols__link_and_image full-height-vh \">\n    <div class=\"row row-large \">\n        <div class=\"medium-4 small-12 columns full-height relative col-1\">\n            <div class=\"ct-text\">\n                <span class=\"subtitle js-heading\"><\/span>\n                <div class=\"ct-link\">\n                                        <a class=\"link-arrow title-big js-heading no-link\" href=\"\"><h1>Schwarze H\u00e4nde<\/h1>\n<\/a>\n                    <div class=\"text-1 js-heading\"><p>von: Gianluca Vassallo<\/p>\n<\/div>\n                                    <\/div>\n                <div class=\"join-line\"><\/div>            <\/div>\n        <\/div>\n        <div class=\"medium-8 small-12 columns full-height col-2 no-padding-right-mobile\">\n                                                    <img decoding=\"async\" class=\"full-cover\" src=\"https:\/\/www.foscarini.com\/wp-content\/uploads\/2024\/01\/MODULO1_MANI-NERE-VASSALLO-150x150.jpg\" srcset=\"https:\/\/www.foscarini.com\/wp-content\/uploads\/2024\/01\/MODULO1_MANI-NERE-VASSALLO-300x224.jpg 300w, https:\/\/www.foscarini.com\/wp-content\/uploads\/2024\/01\/MODULO1_MANI-NERE-VASSALLO-800x597.jpg 800w, https:\/\/www.foscarini.com\/wp-content\/uploads\/2024\/01\/MODULO1_MANI-NERE-VASSALLO-1024x765.jpg 1024w, https:\/\/www.foscarini.com\/wp-content\/uploads\/2024\/01\/MODULO1_MANI-NERE-VASSALLO-768x573.jpg 768w, https:\/\/www.foscarini.com\/wp-content\/uploads\/2024\/01\/MODULO1_MANI-NERE-VASSALLO-1536x1147.jpg 1536w, https:\/\/www.foscarini.com\/wp-content\/uploads\/2024\/01\/MODULO1_MANI-NERE-VASSALLO.jpg 1776w\" alt=\"\" \/>\n                                            <\/div>\n    <\/div>\n<\/section><section class=\"world__menu_image world_text\">\n    <div class=\"designer-desc-container\">\n        <span class=\"subtitle js-heading\"><\/span>\n        <div class=\"title-medium js-heading\"><p>Ich erinnere mich an meinen Vater als ich noch ein Kind war, wie er sich \u00fcber die Goldschmied-Werkbank beugte, in der K\u00e4lte eines Neonlichts, das seine riesigen H\u00e4nde \u00fcberflutete.<\/p>\n<\/div>\n        <div class=\"text-2 js-heading\"><p>Ich erinnere mich, wie er mit seinen H\u00e4nden, die beide schwarz von altem Harz waren, ein winziges, von den Flammen dunkel gef\u00e4rbtes Herz hielt und b\u00fcrstete. Ich erinnere mich, wie ich meinen Vater ansah, der von den Heiligenbildern meiner Gro\u00dfmutter umgeben war, welche alle mit dem Polizeikalender am selben Nagel hingen, und ich erinnere mich, dass sie neben dem Foto von Maradona waren, \u00fcber dem meiner Schwester als Kind. Sie erduldeten den L\u00e4rm der B\u00fcrste, den Geruch der S\u00e4ure, die W\u00fcnsche meiner Mutter. Ich erinnere mich an dieses Herz, wie es Schlag um Schlag nachgab, ersch\u00f6pft von der Sehnsucht, goldig zu gl\u00e4nzen, zwischen den schwarzen H\u00e4nden der Geschicklichkeit. So habe ich die geduldige Arbeit dieser aufmerksamen Seelen, dieser gewissenhaften Menschen, die Orte ihrer M\u00fchen, die schichtweise angeordneten Zeichen fotografiert und in ihren riesigen H\u00e4nden das Herz gesucht, das sie Geste um Geste vor W\u00fcrde strahlen l\u00e4sst. Die H\u00e4nde meines Vaters, der mir ohne es je zu sehen und ohne Worte an jenem Tag das Staunen \u00fcber die Welt gelehrt hat.<\/p>\n<\/div>\n    <\/div>\n<\/section><section class=\"two_cols__link_and_image full-height-vh \">\n    <div class=\"row row-large invert\">\n        <div class=\"medium-4 small-12 columns full-height relative col-1\">\n            <div class=\"ct-text\">\n                <span class=\"subtitle js-heading\"><\/span>\n                <div class=\"ct-link\">\n                                        <a class=\"link-arrow title-little js-heading no-link\" href=\"\"><\/a>\n                    <div class=\"text-1 js-heading\"><\/div>\n                                    <\/div>\n                            <\/div>\n        <\/div>\n        <div class=\"medium-8 small-12 columns full-height col-2 no-padding-right-mobile\">\n                                                    <img decoding=\"async\" class=\"full-cover\" src=\"https:\/\/www.foscarini.com\/wp-content\/uploads\/2024\/01\/FOTO_2_MANI-NERE-VASSALLO-150x150.jpg\" srcset=\"https:\/\/www.foscarini.com\/wp-content\/uploads\/2024\/01\/FOTO_2_MANI-NERE-VASSALLO-300x183.jpg 300w, https:\/\/www.foscarini.com\/wp-content\/uploads\/2024\/01\/FOTO_2_MANI-NERE-VASSALLO-800x488.jpg 800w, https:\/\/www.foscarini.com\/wp-content\/uploads\/2024\/01\/FOTO_2_MANI-NERE-VASSALLO-1024x624.jpg 1024w, https:\/\/www.foscarini.com\/wp-content\/uploads\/2024\/01\/FOTO_2_MANI-NERE-VASSALLO-768x468.jpg 768w, https:\/\/www.foscarini.com\/wp-content\/uploads\/2024\/01\/FOTO_2_MANI-NERE-VASSALLO-1536x936.jpg 1536w, https:\/\/www.foscarini.com\/wp-content\/uploads\/2024\/01\/FOTO_2_MANI-NERE-VASSALLO-2048x1248.jpg 2048w\" alt=\"\" \/>\n                                            <\/div>\n    <\/div>\n<\/section><div class=\"wp-block-group two_cols_image two_cols_image_reverse\"><div class=\"wp-block-group__inner-container is-layout-constrained wp-block-group-is-layout-constrained\"><div class=\"wp-block-columns is-layout-flex wp-container-core-columns-is-layout-1 wp-block-columns-is-layout-flex\"><div class=\"wp-block-column second_column is-layout-flow wp-block-column-is-layout-flow\"><div class=\"wp-block-getwid-image-hotspot\" data-appearance-animation=\"none\" data-image-points=\"[]\" data-trigger=\"click\" data-theme=\"light\" data-tooltip-animation=\"shift-toward\" data-arrow=\"true\"><div class=\"wp-block-getwid-image-hotspot__wrapper\"><img loading=\"lazy\" decoding=\"async\" width=\"864\" height=\"922\" src=\"http:\/\/www.foscarini.com\/wp-content\/uploads\/2024\/01\/FOTO_3_MANI-NERE-VASSALLO.jpg\" alt=\"\" class=\"wp-block-getwid-image-hotspot__image wp-image-12426\" srcset=\"https:\/\/www.foscarini.com\/wp-content\/uploads\/2024\/01\/FOTO_3_MANI-NERE-VASSALLO.jpg 864w, https:\/\/www.foscarini.com\/wp-content\/uploads\/2024\/01\/FOTO_3_MANI-NERE-VASSALLO-800x854.jpg 800w, https:\/\/www.foscarini.com\/wp-content\/uploads\/2024\/01\/FOTO_3_MANI-NERE-VASSALLO-281x300.jpg 281w, https:\/\/www.foscarini.com\/wp-content\/uploads\/2024\/01\/FOTO_3_MANI-NERE-VASSALLO-768x820.jpg 768w\" sizes=\"(max-width: 864px) 100vw, 864px\" \/><\/div><\/div><\/div>\n\n<div class=\"wp-block-column is-layout-flow wp-block-column-is-layout-flow\"><div class=\"wp-block-getwid-image-hotspot\" data-appearance-animation=\"none\" data-image-points=\"[]\" data-trigger=\"click\" data-theme=\"light\" data-tooltip-animation=\"shift-toward\" data-arrow=\"true\"><div class=\"wp-block-getwid-image-hotspot__wrapper\"><img loading=\"lazy\" decoding=\"async\" width=\"1440\" height=\"1600\" src=\"http:\/\/www.foscarini.com\/wp-content\/uploads\/2024\/01\/FOTO_4_MANI-NERE-VASSALLO.jpg\" alt=\"\" class=\"wp-block-getwid-image-hotspot__image wp-image-12433\" srcset=\"https:\/\/www.foscarini.com\/wp-content\/uploads\/2024\/01\/FOTO_4_MANI-NERE-VASSALLO.jpg 1440w, https:\/\/www.foscarini.com\/wp-content\/uploads\/2024\/01\/FOTO_4_MANI-NERE-VASSALLO-800x889.jpg 800w, https:\/\/www.foscarini.com\/wp-content\/uploads\/2024\/01\/FOTO_4_MANI-NERE-VASSALLO-270x300.jpg 270w, https:\/\/www.foscarini.com\/wp-content\/uploads\/2024\/01\/FOTO_4_MANI-NERE-VASSALLO-922x1024.jpg 922w, https:\/\/www.foscarini.com\/wp-content\/uploads\/2024\/01\/FOTO_4_MANI-NERE-VASSALLO-768x853.jpg 768w, https:\/\/www.foscarini.com\/wp-content\/uploads\/2024\/01\/FOTO_4_MANI-NERE-VASSALLO-1382x1536.jpg 1382w\" sizes=\"(max-width: 1440px) 100vw, 1440px\" \/><\/div><\/div><\/div><\/div><\/div><\/div><section class=\"world__menu_image world_text\">\n    <div class=\"designer-desc-container\">\n        <span class=\"subtitle js-heading\"><\/span>\n        <div class=\"title-medium js-heading\"><p>Gianluca Vassallo<\/p>\n<\/div>\n        <div class=\"text-2 js-heading\"><p>Gianluca Vassallo lebt und arbeitet in San Teodoro (Sardinien) und auf der ganzen Welt. Ihn als Fotografen zu bezeichnen, empfindet er als Beleidigung. Vielmehr verleiht er seinen Gedanken mittels Videos, Kl\u00e4ngen, der Fotografie und Installationen Ausdruck, wobei er den Fokus insbesondere auf Beziehungen und Prozesse legt. Seine Arbeiten wurden in verschiedensten Institutionen und Galerien in Italien und im Ausland gezeigt. Dazu z\u00e4hlen unter anderem: Caleum Gallery, New York (2017); Fondazione di Sardegna, Cagliari (2016\/2017); Portugal-Pavillon der Architekturbiennale von Venedig, Venedig (2016); Museo dell\u2019Emigrazione, Asuni (2016); Foscarini Spazio Soho, New York (2015, 2016); Palazzo della Penna, Perugia (2014); Schauwerk Museum, Sindelfingen (2013, 2014); Museo MAN, Nuoro (2014); Stadtgalerie, Kiel (2014); Tempio di Adriano, Rom (2013); Masedu Museo, Sassari (2013); Fondazione Meta, Alghero (2013); Museo MART, Rovereto (2012); PAN, Neapel (2010). Au\u00dferdem geh\u00f6rt er zu den Gewinnern des Premio Terna 2013 und wurde im Rahmen des VAF 2014 mit einer Ehrenvollen Erw\u00e4hnung gew\u00fcrdigt. Zu seinen \u00f6ffentlichen Kunstprojekten z\u00e4hlen unter anderem Exposed (2013), Shoot Me Orlando (2016) und La Citt\u00e0 Invisibile (2016). Gianluca Vassallo ist Gr\u00fcnder und k\u00fcnstlerischer Leiter des White Box Studio, \u00fcber das er seinen besonderen Blick, sowie den anderer Talente, Unternehmen aus den Bereichen Industriedesign, Mode und Verlagswesen sowie kulturellen Einrichtungen zur Verf\u00fcgung stellt.<\/p>\n<\/div>\n    <\/div>\n<\/section><section class=\"world__menu_image\">\n\n    <div class=\"designer-desc-container\">\n                            <div class=\"title-medium js-heading\"><p>Vertiefung<\/p>\n<\/div>\n                        <\/div>\n\n    \n    <div class=\"inner--stories menu \">\n                                <a href=\"https:\/\/www.foscarini.com\/de\/non-si-puo-fare\/\" class=\"menu__item\" data-image=\"https:\/\/www.foscarini.com\/wp-content\/uploads\/2024\/01\/Modulo1_Non-si-puo-fare-Urbinati.jpg\">\n                            <span class=\"menu__item-text\"><span class=\"menu__item-textinner\">Das kann man nicht machen<\/span><\/span>\n                            <span class=\"menu__item-sub\">De carlo urbinati<\/span>\n                        <\/a>\n                                                <a href=\"https:\/\/www.foscarini.com\/de\/fare-design\/\" class=\"menu__item\" data-image=\"https:\/\/www.foscarini.com\/wp-content\/uploads\/2024\/01\/Modulo_1_fare-design-micelli.jpg\">\n                            <span class=\"menu__item-text\"><span class=\"menu__item-textinner\">Design heute<\/span><\/span>\n                            <span class=\"menu__item-sub\">De Stefano Micelli<\/span>\n                        <\/a>\n                                                <a href=\"https:\/\/www.foscarini.com\/de\/la-dimensione-nascosta\/\" class=\"menu__item\" data-image=\"https:\/\/www.foscarini.com\/wp-content\/uploads\/2024\/01\/Modulo_1_la-dimensione-nascosta-de-giorgi.jpg\">\n                            <span class=\"menu__item-text\"><span class=\"menu__item-textinner\">Die verborgene Dimension<\/span><\/span>\n                            <span class=\"menu__item-sub\">De Manolo De Giorgi<\/span>\n                        <\/a>\n                                                <a href=\"https:\/\/www.foscarini.com\/de\/mani-nere\/\" class=\"menu__item\" data-image=\"https:\/\/www.foscarini.com\/wp-content\/uploads\/2024\/01\/MODULO1_MANI-NERE-VASSALLO.jpg\">\n                            <span class=\"menu__item-text\"><span class=\"menu__item-textinner\">Schwarze H\u00e4nde<\/span><\/span>\n                            <span class=\"menu__item-sub\">De Gianluca Vassallo<\/span>\n                        <\/a>\n                                                <a href=\"https:\/\/www.foscarini.com\/de\/visioni-istantanee\/\" class=\"menu__item\" data-image=\"https:\/\/www.foscarini.com\/wp-content\/uploads\/2024\/01\/1_2_Mite.jpg\">\n                            <span class=\"menu__item-text\"><span class=\"menu__item-textinner\">Momentaufnahme<\/span><\/span>\n                            <span class=\"menu__item-sub\">De Massimo Gardone<\/span>\n                        <\/a>\n                            <\/div>\n<\/section>","protected":false},"excerpt":{"rendered":"","protected":false},"author":4,"featured_media":12416,"parent":0,"menu_order":0,"comment_status":"closed","ping_status":"closed","template":"","meta":{"_acf_changed":false,"footnotes":""},"class_list":["post-28131","page","type-page","status-publish","has-post-thumbnail","hentry"],"acf":{"preview_slider":{"titolo":"Schwarze H\u00e4nde","testo":"Ich erinnere mich an meinen Vater als ich noch ein Kind war, wie er sich \u00fcber die Goldschmied-Werkbank beugte, in der K\u00e4lte eines Neonlichts, das seine riesigen H\u00e4nde \u00fcberflutete.","video_domanda":false,"link_video":""}},"yoast_head":"<!-- This site is optimized with the Yoast SEO Premium plugin v22.4 (Yoast SEO v23.7) - https:\/\/yoast.com\/wordpress\/plugins\/seo\/ -->\n<title>Schwarze H\u00e4nde - Foscarini<\/title>\n<meta name=\"robots\" content=\"index, follow, max-snippet:-1, max-image-preview:large, max-video-preview:-1\" \/>\n<meta property=\"og:locale\" content=\"de_DE\" \/>\n<meta property=\"og:type\" content=\"article\" \/>\n<meta property=\"og:title\" content=\"Schwarze H\u00e4nde\" \/>\n<meta property=\"og:url\" content=\"https:\/\/www.foscarini.com\/de\/schwarze-haende\/\" \/>\n<meta property=\"og:site_name\" content=\"Foscarini\" \/>\n<meta property=\"article:modified_time\" content=\"2024-02-23T14:28:35+00:00\" \/>\n<meta property=\"og:image\" content=\"https:\/\/www.foscarini.com\/wp-content\/uploads\/2024\/01\/MODULO1_MANI-NERE-VASSALLO.jpg\" \/>\n\t<meta property=\"og:image:width\" content=\"1776\" \/>\n\t<meta property=\"og:image:height\" content=\"1326\" \/>\n\t<meta property=\"og:image:type\" content=\"image\/jpeg\" \/>\n<meta name=\"twitter:card\" content=\"summary_large_image\" \/>\n<meta name=\"twitter:label1\" content=\"Gesch\u00e4tzte Lesezeit\" \/>\n\t<meta name=\"twitter:data1\" content=\"1\u00a0Minute\" \/>\n<script type=\"application\/ld+json\" class=\"yoast-schema-graph\">{\"@context\":\"https:\/\/schema.org\",\"@graph\":[{\"@type\":\"WebPage\",\"@id\":\"https:\/\/www.foscarini.com\/de\/schwarze-haende\/\",\"url\":\"https:\/\/www.foscarini.com\/de\/schwarze-haende\/\",\"name\":\"Schwarze H\u00e4nde - Foscarini\",\"isPartOf\":{\"@id\":\"https:\/\/www.foscarini.com\/#website\"},\"primaryImageOfPage\":{\"@id\":\"https:\/\/www.foscarini.com\/de\/schwarze-haende\/#primaryimage\"},\"image\":{\"@id\":\"https:\/\/www.foscarini.com\/de\/schwarze-haende\/#primaryimage\"},\"thumbnailUrl\":\"https:\/\/www.foscarini.com\/wp-content\/uploads\/2024\/01\/MODULO1_MANI-NERE-VASSALLO.jpg\",\"datePublished\":\"2024-01-17T16:11:52+00:00\",\"dateModified\":\"2024-02-23T14:28:35+00:00\",\"breadcrumb\":{\"@id\":\"https:\/\/www.foscarini.com\/de\/schwarze-haende\/#breadcrumb\"},\"inLanguage\":\"de\",\"potentialAction\":[{\"@type\":\"ReadAction\",\"target\":[\"https:\/\/www.foscarini.com\/de\/schwarze-haende\/\"]}]},{\"@type\":\"ImageObject\",\"inLanguage\":\"de\",\"@id\":\"https:\/\/www.foscarini.com\/de\/schwarze-haende\/#primaryimage\",\"url\":\"https:\/\/www.foscarini.com\/wp-content\/uploads\/2024\/01\/MODULO1_MANI-NERE-VASSALLO.jpg\",\"contentUrl\":\"https:\/\/www.foscarini.com\/wp-content\/uploads\/2024\/01\/MODULO1_MANI-NERE-VASSALLO.jpg\",\"width\":1776,\"height\":1326},{\"@type\":\"BreadcrumbList\",\"@id\":\"https:\/\/www.foscarini.com\/de\/schwarze-haende\/#breadcrumb\",\"itemListElement\":[{\"@type\":\"ListItem\",\"position\":1,\"name\":\"Home\",\"item\":\"https:\/\/www.foscarini.com\/de\/\"},{\"@type\":\"ListItem\",\"position\":2,\"name\":\"Schwarze H\u00e4nde\"}]},{\"@type\":\"WebSite\",\"@id\":\"https:\/\/www.foscarini.com\/#website\",\"url\":\"https:\/\/www.foscarini.com\/\",\"name\":\"Foscarini\",\"description\":\"\",\"potentialAction\":[{\"@type\":\"SearchAction\",\"target\":{\"@type\":\"EntryPoint\",\"urlTemplate\":\"https:\/\/www.foscarini.com\/?s={search_term_string}\"},\"query-input\":{\"@type\":\"PropertyValueSpecification\",\"valueRequired\":true,\"valueName\":\"search_term_string\"}}],\"inLanguage\":\"de\"}]}<\/script>\n<!-- \/ Yoast SEO Premium plugin. -->","yoast_head_json":{"title":"Schwarze H\u00e4nde - Foscarini","robots":{"index":"index","follow":"follow","max-snippet":"max-snippet:-1","max-image-preview":"max-image-preview:large","max-video-preview":"max-video-preview:-1"},"og_locale":"de_DE","og_type":"article","og_title":"Schwarze H\u00e4nde","og_url":"https:\/\/www.foscarini.com\/de\/schwarze-haende\/","og_site_name":"Foscarini","article_modified_time":"2024-02-23T14:28:35+00:00","og_image":[{"width":1776,"height":1326,"url":"https:\/\/www.foscarini.com\/wp-content\/uploads\/2024\/01\/MODULO1_MANI-NERE-VASSALLO.jpg","type":"image\/jpeg"}],"twitter_card":"summary_large_image","twitter_misc":{"Gesch\u00e4tzte Lesezeit":"1\u00a0Minute"},"schema":{"@context":"https:\/\/schema.org","@graph":[{"@type":"WebPage","@id":"https:\/\/www.foscarini.com\/de\/schwarze-haende\/","url":"https:\/\/www.foscarini.com\/de\/schwarze-haende\/","name":"Schwarze H\u00e4nde - Foscarini","isPartOf":{"@id":"https:\/\/www.foscarini.com\/#website"},"primaryImageOfPage":{"@id":"https:\/\/www.foscarini.com\/de\/schwarze-haende\/#primaryimage"},"image":{"@id":"https:\/\/www.foscarini.com\/de\/schwarze-haende\/#primaryimage"},"thumbnailUrl":"https:\/\/www.foscarini.com\/wp-content\/uploads\/2024\/01\/MODULO1_MANI-NERE-VASSALLO.jpg","datePublished":"2024-01-17T16:11:52+00:00","dateModified":"2024-02-23T14:28:35+00:00","breadcrumb":{"@id":"https:\/\/www.foscarini.com\/de\/schwarze-haende\/#breadcrumb"},"inLanguage":"de","potentialAction":[{"@type":"ReadAction","target":["https:\/\/www.foscarini.com\/de\/schwarze-haende\/"]}]},{"@type":"ImageObject","inLanguage":"de","@id":"https:\/\/www.foscarini.com\/de\/schwarze-haende\/#primaryimage","url":"https:\/\/www.foscarini.com\/wp-content\/uploads\/2024\/01\/MODULO1_MANI-NERE-VASSALLO.jpg","contentUrl":"https:\/\/www.foscarini.com\/wp-content\/uploads\/2024\/01\/MODULO1_MANI-NERE-VASSALLO.jpg","width":1776,"height":1326},{"@type":"BreadcrumbList","@id":"https:\/\/www.foscarini.com\/de\/schwarze-haende\/#breadcrumb","itemListElement":[{"@type":"ListItem","position":1,"name":"Home","item":"https:\/\/www.foscarini.com\/de\/"},{"@type":"ListItem","position":2,"name":"Schwarze H\u00e4nde"}]},{"@type":"WebSite","@id":"https:\/\/www.foscarini.com\/#website","url":"https:\/\/www.foscarini.com\/","name":"Foscarini","description":"","potentialAction":[{"@type":"SearchAction","target":{"@type":"EntryPoint","urlTemplate":"https:\/\/www.foscarini.com\/?s={search_term_string}"},"query-input":{"@type":"PropertyValueSpecification","valueRequired":true,"valueName":"search_term_string"}}],"inLanguage":"de"}]}},"_links":{"self":[{"href":"https:\/\/www.foscarini.com\/de\/wp-json\/wp\/v2\/pages\/28131"}],"collection":[{"href":"https:\/\/www.foscarini.com\/de\/wp-json\/wp\/v2\/pages"}],"about":[{"href":"https:\/\/www.foscarini.com\/de\/wp-json\/wp\/v2\/types\/page"}],"author":[{"embeddable":true,"href":"https:\/\/www.foscarini.com\/de\/wp-json\/wp\/v2\/users\/4"}],"replies":[{"embeddable":true,"href":"https:\/\/www.foscarini.com\/de\/wp-json\/wp\/v2\/comments?post=28131"}],"version-history":[{"count":4,"href":"https:\/\/www.foscarini.com\/de\/wp-json\/wp\/v2\/pages\/28131\/revisions"}],"predecessor-version":[{"id":29440,"href":"https:\/\/www.foscarini.com\/de\/wp-json\/wp\/v2\/pages\/28131\/revisions\/29440"}],"wp:featuredmedia":[{"embeddable":true,"href":"https:\/\/www.foscarini.com\/de\/wp-json\/wp\/v2\/media\/12416"}],"wp:attachment":[{"href":"https:\/\/www.foscarini.com\/de\/wp-json\/wp\/v2\/media?parent=28131"}],"curies":[{"name":"wp","href":"https:\/\/api.w.org\/{rel}","templated":true}]}}