{"id":131226,"date":"2023-11-10T16:00:22","date_gmt":"2023-11-10T16:00:22","guid":{"rendered":"https:\/\/www.foscarini.com\/avvisi\/"},"modified":"2024-04-03T14:15:44","modified_gmt":"2024-04-03T14:15:44","slug":"avvisi","status":"publish","type":"page","link":"https:\/\/www.foscarini.com\/de\/avvisi\/","title":{"rendered":"Warnung"},"content":{"rendered":"","protected":false},"excerpt":{"rendered":"","protected":false},"author":1,"featured_media":0,"parent":0,"menu_order":0,"comment_status":"closed","ping_status":"closed","template":"template-custom\/tpl-customer-care.php","meta":{"_acf_changed":false,"footnotes":""},"class_list":["post-131226","page","type-page","status-publish","hentry"],"acf":{"customer_care":{"contatti_domanda":false,"testo_principale":"&nbsp;\r\n<div class=\"customer--right customer--avvisi\">\r\n<h1>Warnung<\/h1>\r\n<h2 class=\"big\">Modul E27 gro\u00df \u2013 Artikelnummer E27E071<\/h2>\r\n<p style=\"padding-bottom: 20px;\">Foscarini ist seit jeher f\u00fcr die Sicherheit und Qualit\u00e4t seiner Produkte bekannt. Alle unsere Leuchten werden nach den strengsten geltenden Standards getestet und gepr\u00fcft. Dennoch haben wir Meldungen bez\u00fcglich eines m\u00f6glichen Defekts unseres Artikels\u201eModul E27 gro\u00df\u201c, Artikelnummer E27E071, Produktionsjahr 2019 erhalten. In sehr seltenen F\u00e4llen l\u00e4sst sich dieses Modul nicht korrekt auf unseren Glasdiffusoren Gregg Grande, Gem und Tartan montieren, was zu einer Fehlfunktion des Beleuchtungsk\u00f6rpers f\u00fchrt. Konkret handelt es sich um einen mechanischen Defekt der von au\u00dfen nicht sichtbaren, internen Feder, der zu Problemen bei der Montage der Leuchte, und zwar beim Einsetzen, Ausrichten und Blockieren des Diffusors f\u00fchrt. Die Qualit\u00e4t und Zuverl\u00e4ssigkeit unserer Produkte stehen f\u00fcr uns stets an erster Stelle. Auch wenn bisher nur einige wenige F\u00e4lle gemeldet wurden, bitten wir daher alle Kunden, die dieses Modul im Zeitraum Januar bis Juli 2019 erworben haben, sich an einen autorisierten Foscarini-H\u00e4ndler vor Ort zu wenden oder Foscarini direkt via Mail an customerservice@foscarini.com zu kontaktieren, um entsprechende Unterst\u00fctzung zu erhalten.<\/p>\r\n\r\n<\/div>","sezioni":null},"preview_slider":{"titolo":"","testo":"","video_domanda":false,"link_video":""}},"yoast_head":"<!-- This site is optimized with the Yoast SEO Premium plugin v22.4 (Yoast SEO v23.7) - https:\/\/yoast.com\/wordpress\/plugins\/seo\/ -->\n<title>Warnung - Foscarini<\/title>\n<meta name=\"robots\" content=\"index, follow, max-snippet:-1, max-image-preview:large, max-video-preview:-1\" \/>\n<meta property=\"og:locale\" content=\"de_DE\" \/>\n<meta property=\"og:type\" content=\"article\" \/>\n<meta property=\"og:title\" content=\"Warnung\" \/>\n<meta property=\"og:url\" content=\"https:\/\/www.foscarini.com\/avvisi\/\" \/>\n<meta property=\"og:site_name\" content=\"Foscarini\" \/>\n<meta property=\"article:modified_time\" content=\"2024-04-03T14:15:44+00:00\" \/>\n<meta name=\"twitter:card\" content=\"summary_large_image\" \/>\n<script type=\"application\/ld+json\" class=\"yoast-schema-graph\">{\"@context\":\"https:\/\/schema.org\",\"@graph\":[{\"@type\":\"WebPage\",\"@id\":\"https:\/\/www.foscarini.com\/avvisi\/\",\"url\":\"https:\/\/www.foscarini.com\/avvisi\/\",\"name\":\"Warnung - Foscarini\",\"isPartOf\":{\"@id\":\"https:\/\/www.foscarini.com\/#website\"},\"datePublished\":\"2023-11-10T16:00:22+00:00\",\"dateModified\":\"2024-04-03T14:15:44+00:00\",\"breadcrumb\":{\"@id\":\"https:\/\/www.foscarini.com\/avvisi\/#breadcrumb\"},\"inLanguage\":\"de\",\"potentialAction\":[{\"@type\":\"ReadAction\",\"target\":[\"https:\/\/www.foscarini.com\/avvisi\/\"]}]},{\"@type\":\"BreadcrumbList\",\"@id\":\"https:\/\/www.foscarini.com\/avvisi\/#breadcrumb\",\"itemListElement\":[{\"@type\":\"ListItem\",\"position\":1,\"name\":\"Home\",\"item\":\"https:\/\/www.foscarini.com\/de\/\"},{\"@type\":\"ListItem\",\"position\":2,\"name\":\"Warnung\"}]},{\"@type\":\"WebSite\",\"@id\":\"https:\/\/www.foscarini.com\/#website\",\"url\":\"https:\/\/www.foscarini.com\/\",\"name\":\"Foscarini\",\"description\":\"\",\"potentialAction\":[{\"@type\":\"SearchAction\",\"target\":{\"@type\":\"EntryPoint\",\"urlTemplate\":\"https:\/\/www.foscarini.com\/?s={search_term_string}\"},\"query-input\":{\"@type\":\"PropertyValueSpecification\",\"valueRequired\":true,\"valueName\":\"search_term_string\"}}],\"inLanguage\":\"de\"}]}<\/script>\n<!-- \/ Yoast SEO Premium plugin. -->","yoast_head_json":{"title":"Warnung - Foscarini","robots":{"index":"index","follow":"follow","max-snippet":"max-snippet:-1","max-image-preview":"max-image-preview:large","max-video-preview":"max-video-preview:-1"},"og_locale":"de_DE","og_type":"article","og_title":"Warnung","og_url":"https:\/\/www.foscarini.com\/avvisi\/","og_site_name":"Foscarini","article_modified_time":"2024-04-03T14:15:44+00:00","twitter_card":"summary_large_image","schema":{"@context":"https:\/\/schema.org","@graph":[{"@type":"WebPage","@id":"https:\/\/www.foscarini.com\/avvisi\/","url":"https:\/\/www.foscarini.com\/avvisi\/","name":"Warnung - Foscarini","isPartOf":{"@id":"https:\/\/www.foscarini.com\/#website"},"datePublished":"2023-11-10T16:00:22+00:00","dateModified":"2024-04-03T14:15:44+00:00","breadcrumb":{"@id":"https:\/\/www.foscarini.com\/avvisi\/#breadcrumb"},"inLanguage":"de","potentialAction":[{"@type":"ReadAction","target":["https:\/\/www.foscarini.com\/avvisi\/"]}]},{"@type":"BreadcrumbList","@id":"https:\/\/www.foscarini.com\/avvisi\/#breadcrumb","itemListElement":[{"@type":"ListItem","position":1,"name":"Home","item":"https:\/\/www.foscarini.com\/de\/"},{"@type":"ListItem","position":2,"name":"Warnung"}]},{"@type":"WebSite","@id":"https:\/\/www.foscarini.com\/#website","url":"https:\/\/www.foscarini.com\/","name":"Foscarini","description":"","potentialAction":[{"@type":"SearchAction","target":{"@type":"EntryPoint","urlTemplate":"https:\/\/www.foscarini.com\/?s={search_term_string}"},"query-input":{"@type":"PropertyValueSpecification","valueRequired":true,"valueName":"search_term_string"}}],"inLanguage":"de"}]}},"_links":{"self":[{"href":"https:\/\/www.foscarini.com\/de\/wp-json\/wp\/v2\/pages\/131226"}],"collection":[{"href":"https:\/\/www.foscarini.com\/de\/wp-json\/wp\/v2\/pages"}],"about":[{"href":"https:\/\/www.foscarini.com\/de\/wp-json\/wp\/v2\/types\/page"}],"author":[{"embeddable":true,"href":"https:\/\/www.foscarini.com\/de\/wp-json\/wp\/v2\/users\/1"}],"replies":[{"embeddable":true,"href":"https:\/\/www.foscarini.com\/de\/wp-json\/wp\/v2\/comments?post=131226"}],"version-history":[{"count":1,"href":"https:\/\/www.foscarini.com\/de\/wp-json\/wp\/v2\/pages\/131226\/revisions"}],"predecessor-version":[{"id":131236,"href":"https:\/\/www.foscarini.com\/de\/wp-json\/wp\/v2\/pages\/131226\/revisions\/131236"}],"wp:attachment":[{"href":"https:\/\/www.foscarini.com\/de\/wp-json\/wp\/v2\/media?parent=131226"}],"curies":[{"name":"wp","href":"https:\/\/api.w.org\/{rel}","templated":true}]}}